{"id":1087533,"date":"2025-07-09T20:07:31","date_gmt":"2025-07-09T17:07:31","guid":{"rendered":"https:\/\/familymercyhouse.org\/hem\/"},"modified":"2025-08-21T23:12:47","modified_gmt":"2025-08-21T20:12:47","slug":"hem","status":"publish","type":"page","link":"https:\/\/familymercyhouse.org\/sv\/","title":{"rendered":"Hem"},"content":{"rendered":"<p>[et_pb_section fb_built=&#8221;1&#8243; fullwidth=&#8221;on&#8221; _builder_version=&#8221;4.27.4&#8243; _module_preset=&#8221;default&#8221; global_colors_info=&#8221;{}&#8221;][et_pb_fullwidth_slider _builder_version=&#8221;4.27.4&#8243; _module_preset=&#8221;default&#8221; custom_padding=&#8221;201px||211px|||&#8221; global_colors_info=&#8221;{}&#8221;][et_pb_slide heading=&#8221;Hj\u00e4lpa de hj\u00e4lpl\u00f6sa&#8221; button_text=&#8221;L\u00e4s mer&#8221; button_link=&#8221;@ET-DC@eyJkeW5hbWljIjp0cnVlLCJjb250ZW50IjoicG9zdF9saW5rX3VybF9wYWdlIiwic2V0dGluZ3MiOnsicG9zdF9pZCI6IjE0In19@&#8221; use_bg_overlay=&#8221;on&#8221; bg_overlay_color=&#8221;RGBA(255,255,255,0)&#8221; use_text_overlay=&#8221;on&#8221; text_overlay_color=&#8221;rgba(10,0,0,0.46)&#8221; text_border_radius=&#8221;18px&#8221; _builder_version=&#8221;4.27.4&#8243; _dynamic_attributes=&#8221;button_link&#8221; _module_preset=&#8221;default&#8221; background_color=&#8221;#008080&#8243; background_enable_color=&#8221;on&#8221; background_image=&#8221;https:\/\/familymercyhouse.org\/wp-content\/uploads\/2025\/08\/photo_2025-06-09_12-48-47-2.jpg&#8221; background_enable_image=&#8221;on&#8221; custom_button=&#8221;on&#8221; button_text_color=&#8221;#FFFFFF&#8221; button_bg_color=&#8221;#008080&#8243; button_border_radius=&#8221;9px&#8221; border_radii_image=&#8221;on|7px|7px|7px|7px&#8221; border_width_all_image=&#8221;1px&#8221; border_color_all_image=&#8221;RGBA(255,255,255,0)&#8221; box_shadow_style_image=&#8221;preset2&#8243; global_colors_info=&#8221;{}&#8221; sticky_transition=&#8221;on&#8221;]<\/p>\n<p>Vi tror att varje barn har r\u00e4tt till en bra och trygg utbildningsmilj\u00f6.<\/p>\n<p>[\/et_pb_slide][et_pb_slide heading=&#8221;St\u00e4rka kvinnor&#8221; button_text=&#8221;L\u00e4s mer&#8221; button_link=&#8221;@ET-DC@eyJkeW5hbWljIjp0cnVlLCJjb250ZW50IjoicG9zdF9saW5rX3VybF9wYWdlIiwic2V0dGluZ3MiOnsicG9zdF9pZCI6IjEzIn19@&#8221; use_bg_overlay=&#8221;on&#8221; bg_overlay_color=&#8221;RGBA(255,255,255,0)&#8221; use_text_overlay=&#8221;on&#8221; text_overlay_color=&#8221;rgba(10,0,0,0.46)&#8221; text_border_radius=&#8221;18px&#8221; _builder_version=&#8221;4.27.4&#8243; _dynamic_attributes=&#8221;button_link&#8221; _module_preset=&#8221;default&#8221; background_color=&#8221;#008080&#8243; background_enable_color=&#8221;on&#8221; background_image=&#8221;https:\/\/familymercyhouse.org\/wp-content\/uploads\/2025\/08\/photo_2025-06-09_12-49-09.jpg&#8221; background_enable_image=&#8221;on&#8221; custom_button=&#8221;on&#8221; button_bg_color=&#8221;#008080&#8243; button_border_radius=&#8221;9px&#8221; border_radii_image=&#8221;on|7px|7px|7px|7px&#8221; border_width_all_image=&#8221;1px&#8221; border_color_all_image=&#8221;RGBA(255,255,255,0)&#8221; box_shadow_style_image=&#8221;preset2&#8243; global_colors_info=&#8221;{}&#8221; sticky_transition=&#8221;on&#8221;]<\/p>\n<p>F\u00f6r att de ska kunna blomstra, f\u00f6rverkliga sin fulla potential och delta p\u00e5 lika villkor i alla aspekter av samh\u00e4llet, vilket leder till starkare familjer, samh\u00e4llen och ekonomier.<\/p>\n<p>[\/et_pb_slide][\/et_pb_fullwidth_slider][\/et_pb_section][et_pb_section fb_built=&#8221;1&#8243; _builder_version=&#8221;4.27.4&#8243; _module_preset=&#8221;default&#8221; custom_padding=&#8221;0px||0px|||&#8221; global_colors_info=&#8221;{}&#8221;][\/et_pb_section][et_pb_section fb_built=&#8221;1&#8243; make_equal=&#8221;on&#8221; specialty=&#8221;on&#8221; _builder_version=&#8221;4.27.4&#8243; _module_preset=&#8221;default&#8221; background_color=&#8221;#f9f9f9&#8243; inner_width=&#8221;90%&#8221; inner_max_width=&#8221;1280px&#8221; custom_padding=&#8221;40px||40px||true|false&#8221; locked=&#8221;off&#8221; global_colors_info=&#8221;{}&#8221;][et_pb_column type=&#8221;1_2&#8243; _builder_version=&#8221;4.16&#8243; custom_padding=&#8221;|||&#8221; global_colors_info=&#8221;{}&#8221; custom_padding__hover=&#8221;|||&#8221;][et_pb_image src=&#8221;https:\/\/familymercyhouse.org\/wp-content\/uploads\/2025\/08\/photo_2024-04-25_11-17-22.jpg&#8221; title_text=&#8221;photo_2024-04-25_11-17-22&#8243; _builder_version=&#8221;4.27.4&#8243; _module_preset=&#8221;default&#8221; width=&#8221;90%&#8221; module_alignment=&#8221;center&#8221; global_colors_info=&#8221;{}&#8221;][\/et_pb_image][\/et_pb_column][et_pb_column type=&#8221;1_2&#8243; specialty_columns=&#8221;2&#8243; _builder_version=&#8221;4.16&#8243; custom_padding=&#8221;|||&#8221; global_colors_info=&#8221;{}&#8221; custom_padding__hover=&#8221;|||&#8221;][et_pb_row_inner column_structure=&#8221;1_2,1_2&#8243; _builder_version=&#8221;4.16&#8243; _module_preset=&#8221;default&#8221; global_colors_info=&#8221;{}&#8221;][et_pb_column_inner type=&#8221;1_2&#8243; saved_specialty_column_type=&#8221;1_2&#8243; _builder_version=&#8221;4.16&#8243; _module_preset=&#8221;default&#8221; global_colors_info=&#8221;{}&#8221;][et_pb_text _builder_version=&#8221;4.27.4&#8243; _module_preset=&#8221;default&#8221; text_font=&#8221;Varela||||||||&#8221; text_text_color=&#8221;#FFFFFF&#8221; header_4_font=&#8221;Montserrat|800|||||||&#8221; header_4_text_color=&#8221;#FFFFFF&#8221; header_4_font_size=&#8221;56px&#8221; background_color=&#8221;#008080&#8243; position_origin_a=&#8221;bottom_left&#8221; max_width=&#8221;270px&#8221; custom_padding=&#8221;30px|30px|30px|30px|true|true&#8221; custom_padding_tablet=&#8221;&#8221; custom_padding_phone=&#8221;20px|20px|20px|20px|true|true&#8221; custom_padding_last_edited=&#8221;on|desktop&#8221; text_font_size_tablet=&#8221;&#8221; text_font_size_phone=&#8221;12px&#8221; text_font_size_last_edited=&#8221;on|phone&#8221; header_4_font_size_tablet=&#8221;&#8221; header_4_font_size_phone=&#8221;38px&#8221; header_4_font_size_last_edited=&#8221;on|phone&#8221; border_radii=&#8221;on|10px|10px|10px|10px&#8221; box_shadow_style=&#8221;preset3&#8243; box_shadow_vertical=&#8221;8px&#8221; global_colors_info=&#8221;{}&#8221;]<\/p>\n<p>Sedan<\/p>\n<h4>2009<\/h4>\n<p>[\/et_pb_text][\/et_pb_column_inner][et_pb_column_inner type=&#8221;1_2&#8243; saved_specialty_column_type=&#8221;1_2&#8243; _builder_version=&#8221;4.16&#8243; _module_preset=&#8221;default&#8221; global_colors_info=&#8221;{}&#8221;][et_pb_text _builder_version=&#8221;4.27.4&#8243; _module_preset=&#8221;default&#8221; text_font=&#8221;Varela||||||||&#8221; text_text_color=&#8221;#FFFFFF&#8221; header_4_font=&#8221;Montserrat|800|||||||&#8221; header_4_text_color=&#8221;#FFFFFF&#8221; header_4_font_size=&#8221;56px&#8221; background_color=&#8221;#008080&#8243; position_origin_a=&#8221;bottom_left&#8221; max_width=&#8221;270px&#8221; custom_padding=&#8221;30px|30px|30px|30px|true|true&#8221; custom_padding_tablet=&#8221;&#8221; custom_padding_phone=&#8221;20px|20px|20px|20px|true|true&#8221; custom_padding_last_edited=&#8221;on|desktop&#8221; text_font_size_tablet=&#8221;&#8221; text_font_size_phone=&#8221;12px&#8221; text_font_size_last_edited=&#8221;on|phone&#8221; header_4_font_size_tablet=&#8221;&#8221; header_4_font_size_phone=&#8221;38px&#8221; header_4_font_size_last_edited=&#8221;on|phone&#8221; border_radii=&#8221;on|10px|10px|10px|10px&#8221; box_shadow_style=&#8221;preset3&#8243; box_shadow_vertical=&#8221;8px&#8221; global_colors_info=&#8221;{}&#8221;]<\/p>\n<h4>16+<\/h4>\n<p>\u00c5r av att hj\u00e4lpa de hj\u00e4lpl\u00f6sa<\/p>\n<p>[\/et_pb_text][\/et_pb_column_inner][\/et_pb_row_inner][et_pb_row_inner _builder_version=&#8221;4.16&#8243; _module_preset=&#8221;default&#8221; custom_padding=&#8221;14px||14px||true|false&#8221; global_colors_info=&#8221;{}&#8221;][et_pb_column_inner saved_specialty_column_type=&#8221;1_2&#8243; _builder_version=&#8221;4.16&#8243; _module_preset=&#8221;default&#8221; global_colors_info=&#8221;{}&#8221;][et_pb_text _builder_version=&#8221;4.27.4&#8243; _module_preset=&#8221;default&#8221; text_font=&#8221;Lato||||||||&#8221; text_font_size=&#8221;16px&#8221; text_line_height=&#8221;1.6em&#8221; header_2_font=&#8221;Montserrat Alternates|900|||||||&#8221; header_2_text_color=&#8221;#1f4560&#8243; header_2_font_size=&#8221;38px&#8221; header_2_line_height=&#8221;1.6em&#8221; text_font_size_tablet=&#8221;15px&#8221; text_font_size_phone=&#8221;14px&#8221; text_font_size_last_edited=&#8221;on|phone&#8221; header_2_font_size_tablet=&#8221;32px&#8221; header_2_font_size_phone=&#8221;28px&#8221; header_2_font_size_last_edited=&#8221;on|tablet&#8221; global_colors_info=&#8221;{}&#8221;]<\/p>\n<p>Vi st\u00e4rker kvinnor genom att erbjuda ett <b>nio m\u00e5nader l\u00e5ngt yrkesutbildningsprogram<\/b> som ger dem praktiska f\u00e4rdigheter inom bakning, sk\u00f6nhetsv\u00e5rd, s\u00f6mnad, kryddproduktion och caf\u00e9hantering. F\u00f6rutom kompetensutveckling f\u00e5r kvinnorna social tr\u00e4ning, r\u00e5dgivning och ekonomiskt st\u00f6d, vilket hj\u00e4lper dem att utveckla sj\u00e4lvst\u00e4ndighet och sj\u00e4lvf\u00f6rtroende. Efter examen f\u00e5r de ett diplom och startkapital f\u00f6r att starta sina egna sm\u00e5f\u00f6retag.<\/p>\n<p>F\u00f6r barn erbjuder vi ett viktigt <b>fadderprogram<\/b>. Detta program ger m\u00e5natligt ekonomiskt st\u00f6d f\u00f6r skolg\u00e5ng, uniformer, skolmaterial och n\u00e4ringsrik mat, vilket s\u00e4kerst\u00e4ller att barn har tillg\u00e5ng till en trygg utbildningsmilj\u00f6 och en ljusare framtid, och styr dem bort fr\u00e5n gatans faror.<\/p>\n<p>Family Mercy House tror att varje barn f\u00f6rtj\u00e4nar en bra utbildning och att varje kvinna f\u00f6rtj\u00e4nar chansen att f\u00f6r\u00e4ndra sitt liv. Vi \u00e4r engagerade i att \u00e5terst\u00e4lla hopp och skapa best\u00e5ende f\u00f6r\u00e4ndring i livet f\u00f6r dem vi tj\u00e4nar.<\/p>\n<p>[\/et_pb_text][\/et_pb_column_inner][\/et_pb_row_inner][\/et_pb_column][\/et_pb_section][et_pb_section fb_built=&#8221;1&#8243; _builder_version=&#8221;4.16&#8243; _module_preset=&#8221;default&#8221; background_image=&#8221;https:\/\/familymercyhouse.org\/wp-content\/uploads\/2025\/07\/dd-counter-06.jpg&#8221; parallax=&#8221;on&#8221; parallax_method=&#8221;off&#8221; custom_padding=&#8221;72px||72px||true|false&#8221; global_colors_info=&#8221;{}&#8221;][et_pb_row column_structure=&#8221;1_3,1_3,1_3&#8243; make_equal=&#8221;on&#8221; _builder_version=&#8221;4.27.4&#8243; _module_preset=&#8221;default&#8221; background_color=&#8221;#008080&#8243; custom_padding=&#8221;|22px||22px|false|true&#8221; box_shadow_style=&#8221;preset1&#8243; global_colors_info=&#8221;{}&#8221;][et_pb_column type=&#8221;1_3&#8243; _builder_version=&#8221;4.16&#8243; _module_preset=&#8221;default&#8221; border_width_right=&#8221;2px&#8221; border_color_right=&#8221;#dddddd&#8221; border_width_right_tablet=&#8221;0px&#8221; border_width_right_phone=&#8221;0px&#8221; border_width_right_last_edited=&#8221;on|tablet&#8221; global_colors_info=&#8221;{}&#8221;][et_pb_blurb title=&#8221;940&#8243; use_icon=&#8221;on&#8221; font_icon=&#8221;&#xf182;||fa||900&#8243; icon_color=&#8221;#FFFFFF&#8221; image_icon_width=&#8221;76px&#8221; _builder_version=&#8221;4.27.4&#8243; _module_preset=&#8221;default&#8221; header_font=&#8221;Artifika|700|||||||&#8221; header_font_size=&#8221;32px&#8221; body_font=&#8221;Poppins||||||||&#8221; text_orientation=&#8221;center&#8221; background_layout=&#8221;dark&#8221; global_colors_info=&#8221;{}&#8221;]<\/p>\n<p>Kvinnor utrustade<\/p>\n<p>[\/et_pb_blurb][\/et_pb_column][et_pb_column type=&#8221;1_3&#8243; _builder_version=&#8221;4.16&#8243; _module_preset=&#8221;default&#8221; border_width_right=&#8221;2px&#8221; border_color_right=&#8221;#dddddd&#8221; border_width_right_tablet=&#8221;0px&#8221; border_width_right_phone=&#8221;0px&#8221; border_width_right_last_edited=&#8221;on|tablet&#8221; global_colors_info=&#8221;{}&#8221;][et_pb_blurb title=&#8221;\u00f6ver 1000&#8243; use_icon=&#8221;on&#8221; font_icon=&#8221;&#xf1ae;||fa||900&#8243; icon_color=&#8221;#FFFFFF&#8221; image_icon_width=&#8221;76px&#8221; _builder_version=&#8221;4.16&#8243; _module_preset=&#8221;default&#8221; header_font=&#8221;Artifika|700|||||||&#8221; header_font_size=&#8221;32px&#8221; body_font=&#8221;Poppins||||||||&#8221; text_orientation=&#8221;center&#8221; background_layout=&#8221;dark&#8221; global_colors_info=&#8221;{}&#8221;]<\/p>\n<p>Barn hj\u00e4lpta<\/p>\n<p>[\/et_pb_blurb][\/et_pb_column][et_pb_column type=&#8221;1_3&#8243; _builder_version=&#8221;4.16&#8243; _module_preset=&#8221;default&#8221; global_colors_info=&#8221;{}&#8221;][et_pb_blurb title=&#8221;100k&#8221; use_icon=&#8221;on&#8221; font_icon=&#8221;&#xf4ce;||fa||900&#8243; icon_color=&#8221;#FFFFFF&#8221; image_icon_width=&#8221;76px&#8221; _builder_version=&#8221;4.27.4&#8243; _module_preset=&#8221;default&#8221; header_font=&#8221;Artifika|700|||||||&#8221; header_font_size=&#8221;32px&#8221; body_font=&#8221;Poppins||||||||&#8221; text_orientation=&#8221;center&#8221; background_layout=&#8221;dark&#8221; global_colors_info=&#8221;{}&#8221;]<\/p>\n<p>M\u00e4nniskor p\u00e5verkade<\/p>\n<p>[\/et_pb_blurb][\/et_pb_column][\/et_pb_row][\/et_pb_section][et_pb_section fb_built=&#8221;1&#8243; _builder_version=&#8221;4.27.4&#8243; _module_preset=&#8221;default&#8221; background_color=&#8221;#FFFFFF&#8221; locked=&#8221;off&#8221; global_colors_info=&#8221;{}&#8221;][et_pb_row _builder_version=&#8221;4.17.3&#8243; _module_preset=&#8221;default&#8221; custom_padding=&#8221;||0px||false|false&#8221; global_colors_info=&#8221;{}&#8221;][et_pb_column type=&#8221;4_4&#8243; _builder_version=&#8221;4.16&#8243; _module_preset=&#8221;default&#8221; global_colors_info=&#8221;{}&#8221;][et_pb_text _builder_version=&#8221;4.27.4&#8243; _module_preset=&#8221;default&#8221; text_font=&#8221;Rubik|700|||||||&#8221; text_text_color=&#8221;#008080&#8243; text_font_size=&#8221;36px&#8221; text_line_height=&#8221;1.6em&#8221; header_font=&#8221;Poppins||||||||&#8221; header_text_color=&#8221;#008080&#8243; text_orientation=&#8221;center&#8221; width=&#8221;44%&#8221; width_tablet=&#8221;100%&#8221; width_phone=&#8221;&#8221; width_last_edited=&#8221;on|phone&#8221; module_alignment=&#8221;center&#8221; text_font_size_tablet=&#8221;&#8221; text_font_size_phone=&#8221;26px&#8221; text_font_size_last_edited=&#8221;on|phone&#8221; locked=&#8221;off&#8221; global_colors_info=&#8221;{}&#8221;]<\/p>\n<p>V\u00e5ra partners<\/p>\n<p>[\/et_pb_text][\/et_pb_column][\/et_pb_row][et_pb_row column_structure=&#8221;1_3,1_3,1_3&#8243; _builder_version=&#8221;4.17.4&#8243; _module_preset=&#8221;default&#8221; global_colors_info=&#8221;{}&#8221;][et_pb_column type=&#8221;1_3&#8243; module_class=&#8221;dd-car-t1&#8243; _builder_version=&#8221;4.17.4&#8243; _module_preset=&#8221;default&#8221; global_colors_info=&#8221;{}&#8221;][et_pb_image src=&#8221;https:\/\/familymercyhouse.org\/wp-content\/uploads\/2025\/08\/TG-logo.avif&#8221; title_text=&#8221;TG &#8211; logo&#8221; _builder_version=&#8221;4.27.4&#8243; _module_preset=&#8221;default&#8221; global_colors_info=&#8221;{}&#8221;][\/et_pb_image][\/et_pb_column][et_pb_column type=&#8221;1_3&#8243; module_class=&#8221;dd-car-t1&#8243; _builder_version=&#8221;4.17.4&#8243; _module_preset=&#8221;default&#8221; global_colors_info=&#8221;{}&#8221;][et_pb_image src=&#8221;https:\/\/familymercyhouse.org\/wp-content\/uploads\/2025\/08\/JCE.png&#8221; title_text=&#8221;JCE&#8221; _builder_version=&#8221;4.27.4&#8243; _module_preset=&#8221;default&#8221; global_colors_info=&#8221;{}&#8221;][\/et_pb_image][\/et_pb_column][et_pb_column type=&#8221;1_3&#8243; module_class=&#8221;dd-car-t1&#8243; _builder_version=&#8221;4.17.4&#8243; _module_preset=&#8221;default&#8221; global_colors_info=&#8221;{}&#8221;][et_pb_image src=&#8221;https:\/\/familymercyhouse.org\/wp-content\/uploads\/2025\/08\/PCG.png&#8221; title_text=&#8221;PCG&#8221; _builder_version=&#8221;4.27.4&#8243; _module_preset=&#8221;default&#8221; global_colors_info=&#8221;{}&#8221;][\/et_pb_image][\/et_pb_column][\/et_pb_row][\/et_pb_section][et_pb_section fb_built=&#8221;1&#8243; _builder_version=&#8221;4.27.4&#8243; _module_preset=&#8221;default&#8221; global_colors_info=&#8221;{}&#8221;][et_pb_row _builder_version=&#8221;4.27.4&#8243; _module_preset=&#8221;default&#8221; global_colors_info=&#8221;{}&#8221;][et_pb_column type=&#8221;4_4&#8243; _builder_version=&#8221;4.27.4&#8243; _module_preset=&#8221;default&#8221; global_colors_info=&#8221;{}&#8221;][et_pb_signup mailchimp_list=&#8221;Abbi|e8d8e9d424&#8243; title=&#8221;F\u00e5 v\u00e5ra effektber\u00e4ttelser:&#8221; description=&#8221;<\/p>\n<p>G\u00e5 med i v\u00e5r Family Mercy House-gemenskap! Ta emot <b>hj\u00e4rtev\u00e4rmande ber\u00e4ttelser<\/b> om kvinnor som finner styrka och barn som uppt\u00e4cker hopp. Se den <b>direkta p\u00e5verkan<\/b> din anslutning g\u00f6r. Prenumerera nu och bli inspirerad!<\/p>\n<p>&#8221; _builder_version=&#8221;4.27.4&#8243; _module_preset=&#8221;default&#8221; background_color=&#8221;#008080&#8243; global_colors_info=&#8221;{}&#8221;][\/et_pb_signup][\/et_pb_column][\/et_pb_row][\/et_pb_section]<\/p>\n","protected":false},"excerpt":{"rendered":"<p>Vi tror att varje barn har r\u00e4tt till en bra och trygg utbildningsmilj\u00f6.F\u00f6r att de ska kunna blomstra, f\u00f6rverkliga sin fulla potential och delta p\u00e5 lika villkor i alla aspekter av samh\u00e4llet, vilket leder till starkare familjer, samh\u00e4llen och ekonomier.Sedan 200916+ \u00c5r av att hj\u00e4lpa de hj\u00e4lpl\u00f6saVi st\u00e4rker kvinnor genom att erbjuda ett nio m\u00e5nader [&hellip;]<\/p>\n","protected":false},"author":1,"featured_media":0,"parent":0,"menu_order":0,"comment_status":"closed","ping_status":"closed","template":"","meta":{"_et_pb_use_builder":"on","_et_pb_old_content":"","_et_gb_content_width":"","footnotes":""},"class_list":["post-1087533","page","type-page","status-publish","hentry"],"_links":{"self":[{"href":"https:\/\/familymercyhouse.org\/sv\/wp-json\/wp\/v2\/pages\/1087533","targetHints":{"allow":["GET"]}}],"collection":[{"href":"https:\/\/familymercyhouse.org\/sv\/wp-json\/wp\/v2\/pages"}],"about":[{"href":"https:\/\/familymercyhouse.org\/sv\/wp-json\/wp\/v2\/types\/page"}],"author":[{"embeddable":true,"href":"https:\/\/familymercyhouse.org\/sv\/wp-json\/wp\/v2\/users\/1"}],"replies":[{"embeddable":true,"href":"https:\/\/familymercyhouse.org\/sv\/wp-json\/wp\/v2\/comments?post=1087533"}],"version-history":[{"count":14,"href":"https:\/\/familymercyhouse.org\/sv\/wp-json\/wp\/v2\/pages\/1087533\/revisions"}],"predecessor-version":[{"id":1090374,"href":"https:\/\/familymercyhouse.org\/sv\/wp-json\/wp\/v2\/pages\/1087533\/revisions\/1090374"}],"wp:attachment":[{"href":"https:\/\/familymercyhouse.org\/sv\/wp-json\/wp\/v2\/media?parent=1087533"}],"curies":[{"name":"wp","href":"https:\/\/api.w.org\/{rel}","templated":true}]}}