{"id":1087528,"date":"2025-07-09T20:07:31","date_gmt":"2025-07-09T17:07:31","guid":{"rendered":"https:\/\/familymercyhouse.org\/kvinnors-egenmakt\/"},"modified":"2026-01-19T15:19:34","modified_gmt":"2026-01-19T12:19:34","slug":"kvinnors-egenmakt","status":"publish","type":"page","link":"https:\/\/familymercyhouse.org\/sv\/kvinnors-egenmakt\/","title":{"rendered":"Yrkesutbildning"},"content":{"rendered":"<p>[et_pb_section fb_built=&#8221;1&#8243; fullwidth=&#8221;on&#8221; _builder_version=&#8221;4.27.4&#8243; _module_preset=&#8221;default&#8221; hover_enabled=&#8221;0&#8243; global_colors_info=&#8221;{}&#8221; sticky_enabled=&#8221;0&#8243;][et_pb_fullwidth_header title=&#8221;Utbildning ger kvinorna styrka!&#8221; button_one_text=&#8221;Bli partner&#8221; _builder_version=&#8221;4.27.5&#8243; _module_preset=&#8221;default&#8221; title_font=&#8221;|700|||||||&#8221; title_font_size=&#8221;58px&#8221; background_image=&#8221;https:\/\/familymercyhouse.org\/wp-content\/uploads\/2025\/08\/photo_2025-06-09_12-49-08.jpg&#8221; background_blend=&#8221;multiply&#8221; custom_padding=&#8221;114px||215px|||&#8221; hover_enabled=&#8221;0&#8243; global_colors_info=&#8221;{}&#8221; sticky_enabled=&#8221;0&#8243; button_one_url=&#8221;https:\/\/familymercyhouse.org\/sv\/donera\/&#8221;]<\/p>\n<p>Flertalet av kvinnorna som f\u00e5r hj\u00e4lp genom Family Mercy House kommer direkt fr\u00e5n att ha levt p\u00e5 gatan och rekommenderas till oss av det lokala kommunkontoret<\/p>\n<p>[\/et_pb_fullwidth_header][\/et_pb_section][et_pb_section fb_built=&#8221;1&#8243; _builder_version=&#8221;4.27.4&#8243; _module_preset=&#8221;default&#8221; global_colors_info=&#8221;{}&#8221;][et_pb_row column_structure=&#8221;3_4,1_4&#8243; _builder_version=&#8221;4.27.4&#8243; _module_preset=&#8221;default&#8221; global_colors_info=&#8221;{}&#8221;][et_pb_column type=&#8221;3_4&#8243; _builder_version=&#8221;4.27.4&#8243; _module_preset=&#8221;default&#8221; global_colors_info=&#8221;{}&#8221;][et_pb_heading _builder_version=&#8221;4.27.4&#8243; _module_preset=&#8221;default&#8221; title_font_size=&#8221;40px&#8221; global_colors_info=&#8221;{}&#8221;][\/et_pb_heading][et_pb_heading title=&#8221;Vad vi erbjuder kvinnorna&#8230;&#8221; _builder_version=&#8221;4.27.4&#8243; _module_preset=&#8221;default&#8221; global_colors_info=&#8221;{}&#8221;][\/et_pb_heading][et_pb_cta button_text=&#8221;#&#8221; _builder_version=&#8221;4.27.4&#8243; _module_preset=&#8221;default&#8221; background_color=&#8221;#FF8C00&#8243; custom_padding=&#8221;||0px|||&#8221; global_colors_info=&#8221;{}&#8221;]<\/p>\n<ul>\n<li>\n<h4 style=\"text-align: left;\">Social tr\u00e4ning<\/h4>\n<\/li>\n<li style=\"text-align: left;\">\n<h4>Yrkesutbildning inom olika omr\u00e5den<\/h4>\n<\/li>\n<li>\n<h4 style=\"text-align: left;\">Ekonomiskt st\u00f6d<\/h4>\n<\/li>\n<\/ul>\n<p>[\/et_pb_cta][et_pb_text _builder_version=&#8221;4.27.4&#8243; _module_preset=&#8221;default&#8221; global_colors_info=&#8221;{}&#8221;]<\/p>\n<p style=\"text-align: justify;\">Flertalet av kvinnorna som f\u00e5r hj\u00e4lp genom Family Mercy House kommer direkt fr\u00e5n att ha levt p\u00e5 gatan och rekommenderas till oss av det lokala kommunkontoret. Det finns ocks\u00e5 m\u00e5nga kvinnor som bara har h\u00f6rt talas om Mercy House fr\u00e5n andra i deras n\u00e4rhet. De flesta \u00e4r \u00f6vergivna och ensamst\u00e5ende m\u00f6drar. M\u00e5nga \u00e4r analfabeter och har \u00e4ven en bakgrund inom prostitution och tiggeri.   <\/p>\n<p style=\"text-align: justify;\">P\u00e5 Family Mercy House f\u00e5r kvinnorna m\u00f6jlighet att f\u00f6r\u00e4ndra sitt liv. De f\u00e5r tr\u00e4ning i sociala f\u00e4rdigheter och l\u00e4r sig ta hand om sig sj\u00e4lva. De l\u00e4r sig att man inte beh\u00f6ver vara ett offer f\u00f6r omst\u00e4ndigheterna, utan faktiskt kan f\u00f6r\u00e4ndra sitt liv med beslutsamhet och r\u00e4tt motivation.  <\/p>\n<p style=\"text-align: justify;\">P\u00e5 Family Mercy House f\u00e5r kvinnorna de verktyg som beh\u00f6vs f\u00f6r att g\u00f6ra n\u00f6dv\u00e4ndiga f\u00f6r\u00e4ndringar i sina liv och bli sj\u00e4lvf\u00f6rs\u00f6rjande genom anst\u00e4llning.<\/p>\n<p style=\"text-align: justify;\">Ett viktigt krav \u00e4r att alla kvinnor blir motiverade att f\u00f6r\u00e4ndra sina liv, och d\u00e5 kan f\u00f6r\u00e4ndringen bli best\u00e5ende.<\/p>\n<p style=\"text-align: justify;\">Family Mercy House \u2013 Hj\u00e4lp och utbildning f\u00f6r kvinnor.<\/p>\n<p style=\"text-align: justify;\">P\u00e5 Family Mercy House f\u00e5r kvinnor utbildning i f\u00f6r\u00e4ldraskap och sociala f\u00e4rdigheter, praktisk tr\u00e4ning, ekonomiskt st\u00f6d och ibland hj\u00e4lp med boende. De bor i sina hem men \u00e4r p\u00e5 centret 5-6 dagar i veckan. Under de nio m\u00e5naderna v\u00e4xlar de mellan olika utbildningsstationer som inkluderar: k\u00f6k och bageri, s\u00f6mnad, kryddor och torkade matvaror, bomullsspinning och servering i caf\u00e9et.  <\/p>\n<h3 style=\"text-align: justify;\">Efter tiden p\u00e5 utbildningscentret<\/h3>\n<p style=\"text-align: justify;\">ger de sig ut i v\u00e4rlden igen, men nu med sina nya och v\u00e4rdefulla f\u00e4rdigheter. P\u00e5 examensdagen f\u00e5r kvinnorna ett diplom med ett personligt utl\u00e5tande. De f\u00e5r ocks\u00e5 \u201cstart\u201d-bidrag, som en ullspinnare eller en frit\u00f6s eller n\u00e5got som hj\u00e4lper dem att driva en egen liten verksamhet. F\u00f6r m\u00e5nga av dessa kvinnor \u00e4r bara att ha ett diplom till stor hj\u00e4lp f\u00f6r att hitta ett jobb.   <\/p>\n<p>[\/et_pb_text][et_pb_divider _builder_version=&#8221;4.27.4&#8243; _module_preset=&#8221;default&#8221; global_colors_info=&#8221;{}&#8221;][\/et_pb_divider][et_pb_heading title=&#8221;Vi utrustar kvinnorna med&#8221; _builder_version=&#8221;4.27.4&#8243; _module_preset=&#8221;default&#8221; global_colors_info=&#8221;{}&#8221;][\/et_pb_heading][et_pb_text _builder_version=&#8221;4.27.4&#8243; _module_preset=&#8221;default&#8221; global_colors_info=&#8221;{}&#8221;]<\/p>\n<ul>\n<li>Social tr\u00e4ning<\/li>\n<li>Utbildning inom olika omr\u00e5den<\/li>\n<li>Ekonomiskt st\u00f6d<\/li>\n<\/ul>\n<p>[\/et_pb_text][et_pb_heading title=&#8221;Kvinnorna kommer att bli kunniga inom &#8221; _builder_version=&#8221;4.27.4&#8243; _module_preset=&#8221;default&#8221; global_colors_info=&#8221;{}&#8221;][\/et_pb_heading][et_pb_text _builder_version=&#8221;4.27.4&#8243; _module_preset=&#8221;default&#8221; global_colors_info=&#8221;{}&#8221;]<\/p>\n<ul>\n<li>S\u00f6mnad<\/li>\n<li>Bakning<\/li>\n<li>Caf\u00e9verksamhet<\/li>\n<li>Kryddproduktion<\/li>\n<li>F\u00f6rs\u00e4ljning<\/li>\n<\/ul>\n<p>[\/et_pb_text][et_pb_divider _builder_version=&#8221;4.27.4&#8243; _module_preset=&#8221;default&#8221; global_colors_info=&#8221;{}&#8221;][\/et_pb_divider][\/et_pb_column][et_pb_column type=&#8221;1_4&#8243; _builder_version=&#8221;4.27.4&#8243; _module_preset=&#8221;default&#8221; global_colors_info=&#8221;{}&#8221;][et_pb_image src=&#8221;https:\/\/familymercyhouse.org\/wp-content\/uploads\/2025\/08\/photo_2025-06-09_12-48-49-2.jpg&#8221; title_text=&#8221;photo_2025-06-09_12-48-49 (2)&#8221; _builder_version=&#8221;4.27.4&#8243; _module_preset=&#8221;default&#8221; animation_style=&#8221;fade&#8221; animation_duration=&#8221;1100ms&#8221; border_radii=&#8221;on|8px|8px|8px|8px&#8221; global_colors_info=&#8221;{}&#8221;][\/et_pb_image][et_pb_image src=&#8221;https:\/\/familymercyhouse.org\/wp-content\/uploads\/2025\/08\/photo_2025-06-09_12-48-49.jpg&#8221; title_text=&#8221;photo_2025-06-09_12-48-49&#8243; _builder_version=&#8221;4.27.4&#8243; _module_preset=&#8221;default&#8221; animation_style=&#8221;fade&#8221; animation_duration=&#8221;1100ms&#8221; border_radii=&#8221;on|8px|8px|8px|8px&#8221; global_colors_info=&#8221;{}&#8221;][\/et_pb_image][et_pb_image src=&#8221;https:\/\/familymercyhouse.org\/wp-content\/uploads\/2025\/08\/photo_2025-06-09_12-49-08-2.jpg&#8221; title_text=&#8221;photo_2025-06-09_12-49-08 (2)&#8221; _builder_version=&#8221;4.27.4&#8243; _module_preset=&#8221;default&#8221; max_width=&#8221;100%&#8221; animation_style=&#8221;fade&#8221; animation_duration=&#8221;1100ms&#8221; border_radii=&#8221;on|8px|8px|8px|8px&#8221; global_colors_info=&#8221;{}&#8221;][\/et_pb_image][et_pb_image src=&#8221;https:\/\/familymercyhouse.org\/wp-content\/uploads\/2025\/08\/photo_2025-06-09_12-49-09.jpg&#8221; title_text=&#8221;photo_2025-06-09_12-49-09&#8243; _builder_version=&#8221;4.27.4&#8243; _module_preset=&#8221;default&#8221; animation_style=&#8221;fade&#8221; animation_duration=&#8221;1100ms&#8221; border_radii=&#8221;on|8px|8px|8px|8px&#8221; global_colors_info=&#8221;{}&#8221;][\/et_pb_image][\/et_pb_column][\/et_pb_row][\/et_pb_section]<\/p>\n","protected":false},"excerpt":{"rendered":"<p>Flertalet av kvinnorna som f\u00e5r hj\u00e4lp genom Family Mercy House kommer direkt fr\u00e5n att ha levt p\u00e5 gatan och rekommenderas till oss av det lokala kommunkontoret Social tr\u00e4ning Yrkesutbildning inom olika omr\u00e5den Ekonomiskt st\u00f6d Flertalet av kvinnorna som f\u00e5r hj\u00e4lp genom Family Mercy House kommer direkt fr\u00e5n att ha levt p\u00e5 gatan och rekommenderas till [&hellip;]<\/p>\n","protected":false},"author":1,"featured_media":0,"parent":0,"menu_order":0,"comment_status":"closed","ping_status":"closed","template":"","meta":{"_et_pb_use_builder":"on","_et_pb_old_content":"","_et_gb_content_width":"","footnotes":""},"class_list":["post-1087528","page","type-page","status-publish","hentry"],"_links":{"self":[{"href":"https:\/\/familymercyhouse.org\/sv\/wp-json\/wp\/v2\/pages\/1087528","targetHints":{"allow":["GET"]}}],"collection":[{"href":"https:\/\/familymercyhouse.org\/sv\/wp-json\/wp\/v2\/pages"}],"about":[{"href":"https:\/\/familymercyhouse.org\/sv\/wp-json\/wp\/v2\/types\/page"}],"author":[{"embeddable":true,"href":"https:\/\/familymercyhouse.org\/sv\/wp-json\/wp\/v2\/users\/1"}],"replies":[{"embeddable":true,"href":"https:\/\/familymercyhouse.org\/sv\/wp-json\/wp\/v2\/comments?post=1087528"}],"version-history":[{"count":16,"href":"https:\/\/familymercyhouse.org\/sv\/wp-json\/wp\/v2\/pages\/1087528\/revisions"}],"predecessor-version":[{"id":1090421,"href":"https:\/\/familymercyhouse.org\/sv\/wp-json\/wp\/v2\/pages\/1087528\/revisions\/1090421"}],"wp:attachment":[{"href":"https:\/\/familymercyhouse.org\/sv\/wp-json\/wp\/v2\/media?parent=1087528"}],"curies":[{"name":"wp","href":"https:\/\/api.w.org\/{rel}","templated":true}]}}