{"id":1087527,"date":"2025-07-09T20:07:31","date_gmt":"2025-07-09T17:07:31","guid":{"rendered":"https:\/\/familymercyhouse.org\/barnfadderskap\/"},"modified":"2026-01-19T15:31:10","modified_gmt":"2026-01-19T12:31:10","slug":"barnfadderskap","status":"publish","type":"page","link":"https:\/\/familymercyhouse.org\/sv\/barnfadderskap\/","title":{"rendered":"Fadder"},"content":{"rendered":"<p>[et_pb_section fb_built=&#8221;1&#8243; fullwidth=&#8221;on&#8221; _builder_version=&#8221;4.27.4&#8243; _module_preset=&#8221;default&#8221; global_colors_info=&#8221;{}&#8221;][et_pb_fullwidth_header title=&#8221;Barnfadderskap&#8221; button_one_text=&#8221;Bli fadder&#8221; _builder_version=&#8221;4.27.5&#8243; _module_preset=&#8221;default&#8221; title_font_size=&#8221;50px&#8221; background_image=&#8221;https:\/\/familymercyhouse.org\/wp-content\/uploads\/2025\/08\/photo_2025-06-09_12-48-54.jpg&#8221; background_blend=&#8221;multiply&#8221; custom_padding=&#8221;142px||222px|||&#8221; hover_enabled=&#8221;0&#8243; global_colors_info=&#8221;{}&#8221; button_one_url=&#8221;https:\/\/familymercyhouse.org\/sv\/donera\/&#8221; sticky_enabled=&#8221;0&#8243;]<\/p>\n<p>Barnen bor i sina hem och kommer regelbundet till Mercy House f\u00f6r att leka.<\/p>\n<p>[\/et_pb_fullwidth_header][\/et_pb_section][et_pb_section fb_built=&#8221;1&#8243; _builder_version=&#8221;4.27.4&#8243; _module_preset=&#8221;default&#8221; global_colors_info=&#8221;{}&#8221;][et_pb_row column_structure=&#8221;1_4,1_4,1_4,1_4&#8243; _builder_version=&#8221;4.27.4&#8243; _module_preset=&#8221;default&#8221; global_colors_info=&#8221;{}&#8221;][et_pb_column type=&#8221;1_4&#8243; _builder_version=&#8221;4.27.4&#8243; _module_preset=&#8221;default&#8221; global_colors_info=&#8221;{}&#8221;][et_pb_blurb title=&#8221;M\u00e5natligt ekonomiskt st\u00f6d&#8221; use_icon=&#8221;on&#8221; font_icon=&#8221;&#xf51e;||fa||900&#8243; _builder_version=&#8221;4.27.4&#8243; _module_preset=&#8221;default&#8221; header_level=&#8221;h1&#8243; header_font=&#8221;|||on|||||&#8221; header_text_align=&#8221;center&#8221; global_colors_info=&#8221;{}&#8221;][\/et_pb_blurb][\/et_pb_column][et_pb_column type=&#8221;1_4&#8243; _builder_version=&#8221;4.27.4&#8243; _module_preset=&#8221;default&#8221; global_colors_info=&#8221;{}&#8221;][et_pb_blurb title=&#8221;St\u00f6d till n\u00e4ringsrik mat&#8221; use_icon=&#8221;on&#8221; font_icon=&#8221;&#xf2e7;||fa||900&#8243; _builder_version=&#8221;4.27.4&#8243; _module_preset=&#8221;default&#8221; header_level=&#8221;h1&#8243; header_font=&#8221;|||on|||||&#8221; header_text_align=&#8221;center&#8221; global_colors_info=&#8221;{}&#8221;][\/et_pb_blurb][\/et_pb_column][et_pb_column type=&#8221;1_4&#8243; _builder_version=&#8221;4.27.4&#8243; _module_preset=&#8221;default&#8221; global_colors_info=&#8221;{}&#8221;][et_pb_blurb title=&#8221;St\u00f6d till skolmaterial&#8221; use_icon=&#8221;on&#8221; font_icon=&#8221;&#xf549;||fa||900&#8243; _builder_version=&#8221;4.27.4&#8243; _module_preset=&#8221;default&#8221; header_level=&#8221;h1&#8243; header_font=&#8221;|||on|||||&#8221; header_text_align=&#8221;center&#8221; global_colors_info=&#8221;{}&#8221;][\/et_pb_blurb][\/et_pb_column][et_pb_column type=&#8221;1_4&#8243; _builder_version=&#8221;4.27.4&#8243; _module_preset=&#8221;default&#8221; global_colors_info=&#8221;{}&#8221;][et_pb_blurb title=&#8221;Psykologiskt st\u00f6d&#8221; use_icon=&#8221;on&#8221; font_icon=&#8221;&#xf4c4;||fa||900&#8243; _builder_version=&#8221;4.27.4&#8243; _module_preset=&#8221;default&#8221; header_level=&#8221;h1&#8243; header_font=&#8221;|||on|||||&#8221; header_text_align=&#8221;center&#8221; global_colors_info=&#8221;{}&#8221;][\/et_pb_blurb][\/et_pb_column][\/et_pb_row][\/et_pb_section][et_pb_section fb_built=&#8221;1&#8243; specialty=&#8221;on&#8221; _builder_version=&#8221;4.27.4&#8243; _module_preset=&#8221;default&#8221; global_colors_info=&#8221;{}&#8221;][et_pb_column type=&#8221;1_2&#8243; _builder_version=&#8221;4.16&#8243; custom_padding=&#8221;|||&#8221; global_colors_info=&#8221;{}&#8221; custom_padding__hover=&#8221;|||&#8221;][et_pb_heading title=&#8221;Vill du bli fadder till ett barn?&#8221; _builder_version=&#8221;4.27.4&#8243; _module_preset=&#8221;default&#8221; global_colors_info=&#8221;{}&#8221;][\/et_pb_heading][et_pb_text _builder_version=&#8221;4.27.4&#8243; _module_preset=&#8221;default&#8221; global_colors_info=&#8221;{}&#8221;]<\/p>\n<p>Fadderbarn bor i sina hem<\/p>\n<p>Fadderbarnen bor i sina hem och kommer regelbundet till Family Mercy House. De f\u00e5r m\u00e5natligt ekonomiskt st\u00f6d fr\u00e5n sina faddrar som t\u00e4cker kostnader f\u00f6r skolg\u00e5ng, skolmaterial, skoluniformer och n\u00e4ringsrik mat. <\/p>\n<p>Vi tror att varje barn har r\u00e4tt till en bra och trygg utbildningsmilj\u00f6. Hj\u00e4lpen som barnen f\u00e5r fr\u00e5n faddrarna hj\u00e4lper dem att f\u00e5 ett nytt liv som de annars inte skulle ha f\u00e5tt. En bra utbildning ger dem chansen till ett b\u00e4ttre liv och r\u00e4ddar dem d\u00e4rmed fr\u00e5n att bli ett av de tiotusentals gatubarnen i Addis Abeba. <\/p>\n<p>Det finns fortfarande m\u00e5nga barn som beh\u00f6ver hj\u00e4lp!!<\/p>\n<p>Du kan hj\u00e4lpa till att ge ett barn ett b\u00e4ttre liv genom att st\u00f6dja Family Mercy House m\u00e5nadsvis eller genom att bli fadder till ett s\u00e4rskilt barn.<\/p>\n<p>Som fadder kommer din m\u00e5natliga donation att hj\u00e4lpa ett barn med livets n\u00f6dv\u00e4ndigheter tills de fyller 18 \u00e5r eller tills de har avslutat sin utbildning och kan f\u00f6rs\u00f6rja sig sj\u00e4lva.<\/p>\n<p>[\/et_pb_text][\/et_pb_column][et_pb_column type=&#8221;1_2&#8243; specialty_columns=&#8221;2&#8243; _builder_version=&#8221;4.16&#8243; custom_padding=&#8221;|||&#8221; global_colors_info=&#8221;{}&#8221; custom_padding__hover=&#8221;|||&#8221;][et_pb_row_inner _builder_version=&#8221;4.27.4&#8243; _module_preset=&#8221;default&#8221; global_colors_info=&#8221;{}&#8221;][et_pb_column_inner saved_specialty_column_type=&#8221;1_2&#8243; _builder_version=&#8221;4.27.4&#8243; _module_preset=&#8221;default&#8221; global_colors_info=&#8221;{}&#8221;][et_pb_image src=&#8221;https:\/\/familymercyhouse.org\/wp-content\/uploads\/2025\/08\/photo_2025-06-09_12-49-00.jpg&#8221; title_text=&#8221;photo_2025-06-09_12-49-00&#8243; _builder_version=&#8221;4.27.4&#8243; _module_preset=&#8221;default&#8221; custom_padding=&#8221;||||false|false&#8221; border_radii=&#8221;on|15px|15px|15px|15px&#8221; border_width_all=&#8221;3px&#8221; border_color_all=&#8221;#0C71C3&#8243; global_colors_info=&#8221;{}&#8221;][\/et_pb_image][\/et_pb_column_inner][\/et_pb_row_inner][\/et_pb_column][\/et_pb_section]<\/p>\n","protected":false},"excerpt":{"rendered":"<p>Barnen bor i sina hem och kommer regelbundet till Mercy House f\u00f6r att leka.Fadderbarn bor i sina hem Fadderbarnen bor i sina hem och kommer regelbundet till Family Mercy House. De f\u00e5r m\u00e5natligt ekonomiskt st\u00f6d fr\u00e5n sina faddrar som t\u00e4cker kostnader f\u00f6r skolg\u00e5ng, skolmaterial, skoluniformer och n\u00e4ringsrik mat. Vi tror att varje barn har r\u00e4tt [&hellip;]<\/p>\n","protected":false},"author":1,"featured_media":0,"parent":0,"menu_order":0,"comment_status":"closed","ping_status":"closed","template":"","meta":{"_et_pb_use_builder":"on","_et_pb_old_content":"","_et_gb_content_width":"","footnotes":""},"class_list":["post-1087527","page","type-page","status-publish","hentry"],"_links":{"self":[{"href":"https:\/\/familymercyhouse.org\/sv\/wp-json\/wp\/v2\/pages\/1087527","targetHints":{"allow":["GET"]}}],"collection":[{"href":"https:\/\/familymercyhouse.org\/sv\/wp-json\/wp\/v2\/pages"}],"about":[{"href":"https:\/\/familymercyhouse.org\/sv\/wp-json\/wp\/v2\/types\/page"}],"author":[{"embeddable":true,"href":"https:\/\/familymercyhouse.org\/sv\/wp-json\/wp\/v2\/users\/1"}],"replies":[{"embeddable":true,"href":"https:\/\/familymercyhouse.org\/sv\/wp-json\/wp\/v2\/comments?post=1087527"}],"version-history":[{"count":17,"href":"https:\/\/familymercyhouse.org\/sv\/wp-json\/wp\/v2\/pages\/1087527\/revisions"}],"predecessor-version":[{"id":1090422,"href":"https:\/\/familymercyhouse.org\/sv\/wp-json\/wp\/v2\/pages\/1087527\/revisions\/1090422"}],"wp:attachment":[{"href":"https:\/\/familymercyhouse.org\/sv\/wp-json\/wp\/v2\/media?parent=1087527"}],"curies":[{"name":"wp","href":"https:\/\/api.w.org\/{rel}","templated":true}]}}